{"id":4881,"date":"2014-09-09T10:03:47","date_gmt":"2014-09-09T08:03:47","guid":{"rendered":"http:\/\/bilclassicteam.lu\/?page_id=4881"},"modified":"2017-12-13T10:49:27","modified_gmt":"2017-12-13T09:49:27","slug":"9eme-edition-bil-classic-tour-2014","status":"publish","type":"page","link":"http:\/\/bilclassicteam.lu\/?page_id=4881","title":{"rendered":"9\u00e8me Edition Bil Classic Tour 2014, 7 septembre 2014"},"content":{"rendered":"<p><a title=\"R\u00e9sultats du Bil Classic Tour 2014\" href=\"http:\/\/bilclassicteam.lu\/wp-content\/uploads\/2014\/09\/Resultat-Bil-Classic-Tour-2014.pdf\" target=\"_blank\" rel=\"noopener\">Les r\u00e9sultats sont ici<\/a><\/p>\n<p><a title=\"Bil Classic Tour, Photos, Bernard Rapha\u00ebl\" href=\"http:\/\/pic.bmworld.fr\/koken\/albums\/562e3f1ccfb7f9bda54268f7f9cefe5e\/\" target=\"_blank\" rel=\"noopener\">Photos r\u00e9alis\u00e9es par Bernard Rapha\u00ebl<\/a><\/p>\n<p><a href=\"http:\/\/bilclassicteam.lu\/?p=5240\" target=\"_blank\" rel=\"noopener\">Photos du d\u00e9part<\/a><\/p>\n<p><a href=\"http:\/\/bilclassicteam.lu\/?p=4893\" target=\"_blank\" rel=\"noopener\">Photos du contr\u00f4le<\/a><\/p>\n<p><a href=\"http:\/\/bilclassicteam.lu\/?p=4890\" target=\"_blank\" rel=\"noopener\">Photos de l&rsquo;arriv\u00e9e<\/a><\/p>\n<p><a href=\"http:\/\/bilclassicteam.lu\/?p=5378\" target=\"_blank\" rel=\"noopener\">Article de presse (Muselzeidung ,september 2014 N\u00b0 404)<\/a><\/p>\n<p><a href=\"http:\/\/bilclassicteam.lu\/?p=5382\" target=\"_blank\" rel=\"noopener\">Article de presse (Revue, septembre 2014)<\/a><\/p>\n<p><a href=\"http:\/\/bilclassicteam.lu\/wp-content\/uploads\/2014\/10\/Auto-Moto.pdf\">Article de presse (Auto Revue)<\/a><\/p>\n<p><a href=\"http:\/\/bilclassicteam.lu\/?p=6323\">Toutes les photos de la journ\u00e9e<\/a><\/p>\n<p><a title=\"Les photos\" href=\"http:\/\/bilclassicteam.lu\/les-photos\/\">Retour au menu photos<\/a><\/p>\n","protected":false},"excerpt":{"rendered":"<p>Les r\u00e9sultats sont ici Photos r\u00e9alis\u00e9es par Bernard Rapha\u00ebl Photos du d\u00e9part Photos du contr\u00f4le Photos de l&rsquo;arriv\u00e9e Article de presse (Muselzeidung ,september 2014 N\u00b0 404) Article de presse (Revue, septembre 2014) Article de presse (Auto Revue) Toutes les photos de la journ\u00e9e Retour au menu photos<\/p>\n","protected":false},"author":3,"featured_media":0,"parent":0,"menu_order":0,"comment_status":"closed","ping_status":"closed","template":"","meta":{"_mi_skip_tracking":false},"_links":{"self":[{"href":"http:\/\/bilclassicteam.lu\/index.php?rest_route=\/wp\/v2\/pages\/4881"}],"collection":[{"href":"http:\/\/bilclassicteam.lu\/index.php?rest_route=\/wp\/v2\/pages"}],"about":[{"href":"http:\/\/bilclassicteam.lu\/index.php?rest_route=\/wp\/v2\/types\/page"}],"author":[{"embeddable":true,"href":"http:\/\/bilclassicteam.lu\/index.php?rest_route=\/wp\/v2\/users\/3"}],"replies":[{"embeddable":true,"href":"http:\/\/bilclassicteam.lu\/index.php?rest_route=%2Fwp%2Fv2%2Fcomments&post=4881"}],"version-history":[{"count":20,"href":"http:\/\/bilclassicteam.lu\/index.php?rest_route=\/wp\/v2\/pages\/4881\/revisions"}],"predecessor-version":[{"id":15050,"href":"http:\/\/bilclassicteam.lu\/index.php?rest_route=\/wp\/v2\/pages\/4881\/revisions\/15050"}],"wp:attachment":[{"href":"http:\/\/bilclassicteam.lu\/index.php?rest_route=%2Fwp%2Fv2%2Fmedia&parent=4881"}],"curies":[{"name":"wp","href":"https:\/\/api.w.org\/{rel}","templated":true}]}}