{"id":20,"date":"2014-02-21T16:22:54","date_gmt":"2014-02-21T16:22:54","guid":{"rendered":"http:\/\/localhost:8888\/bilclassicteam\/?page_id=20"},"modified":"2021-07-19T11:31:35","modified_gmt":"2021-07-19T09:31:35","slug":"le-mot-du-president__trashed","status":"publish","type":"page","link":"http:\/\/bilclassicteam.lu\/?page_id=20","title":{"rendered":"Le mot du Pr\u00e9sident"},"content":{"rendered":"<p><a href=\"http:\/\/bilclassicteam.lu\/wp-content\/uploads\/2016\/12\/ny2017.jpg\"><br \/>\n<\/a>Chers amis des voitures historiques,<\/p>\n<p>Le BIL Classic Team a \u00e9t\u00e9 cr\u00e9\u00e9 en 2003 par une poign\u00e9e de passionn\u00e9s de voitures historiques. Aujourd&rsquo; hui, le club compte plus de 40 membres actifs.<\/p>\n<p>L\u2019objectif de ce club \u00e9tait la promotion et la protection du merveilleux patrimoine constitu\u00e9 de voitures historiques et la participation aux manifestations dont elles sont les vedettes tout comme l\u2019organisation, \u00e0 notre tour, d\u2019\u00e9v\u00e9nements autour de ce th\u00e8me.<\/p>\n<p>Une \u00e9quipe renouvel\u00e9e sous l\u2019impulsion des membres fondateurs du Bil Classic Team s\u2019est donn\u00e9 un grand rendez-vous :<\/p>\n<ul>\n<li>Le BIL Classic \u00a0que nous organisons en septembre et qui a trouv\u00e9 sa place dans le calendrier de tous les amateurs des v\u00e9hicules historiques.<\/li>\n<\/ul>\n<p>Chaque ann\u00e9e, nous connaissons un \u00e9norme succ\u00e8s et quelque 130 des plus belles voitures participent.<\/p>\n<p>Uniquement les oldtimers et voitures historiques immatricul\u00e9es jusqu\u2019au 31.12.1989 sont autoris\u00e9es \u00e0 participer.<\/p>\n<p>L&rsquo;\u00e9ventail des voitures inclut toutes les grandes marques de l&rsquo;automobile d&rsquo;avant et d\u2019apr\u00e8s-guerre.<\/p>\n<p>Afin d&rsquo;am\u00e9liorer la communication vers nos adh\u00e9rents, le BIL Classic Team adopte une nouvelle configuration plus \u00e9tendue et met en ligne le site sur lequel vous surfez actuellement.<\/p>\n<p>Les adeptes de notre passion commune ont, bien entendu, \u00e9galement la possibilit\u00e9 de dialoguer avec nous via notre lien<strong> \u00ab\u00a0contact\u00a0\u00bb<\/strong>\u00a0pour, notamment, obtenir des renseignements sur l\u2019un ou l\u2019autre \u00e9v\u00e8nement.<\/p>\n<p>Tous les adeptes des voitures historiques sont cordialement invit\u00e9s \u00e0 partager avec nous cette passion.<\/p>\n<p>Esp\u00e9rant vous rencontrer dans le cadre de l&rsquo;une de nos activit\u00e9s, je vous adresse mes salutations amicales.<\/p>\n<p>Le Pr\u00e9sident<\/p>\n","protected":false},"excerpt":{"rendered":"<p>Chers amis des voitures historiques, Le BIL Classic Team a \u00e9t\u00e9 cr\u00e9\u00e9 en 2003 par une poign\u00e9e de passionn\u00e9s de voitures historiques. Aujourd&rsquo; hui, le club compte plus de 40 membres actifs. L\u2019objectif de ce club \u00e9tait la promotion et la protection du merveilleux patrimoine constitu\u00e9 de voitures historiques et la participation aux manifestations dont [&hellip;]<\/p>\n","protected":false},"author":1,"featured_media":0,"parent":0,"menu_order":0,"comment_status":"open","ping_status":"open","template":"","meta":{"_mi_skip_tracking":false},"_links":{"self":[{"href":"http:\/\/bilclassicteam.lu\/index.php?rest_route=\/wp\/v2\/pages\/20"}],"collection":[{"href":"http:\/\/bilclassicteam.lu\/index.php?rest_route=\/wp\/v2\/pages"}],"about":[{"href":"http:\/\/bilclassicteam.lu\/index.php?rest_route=\/wp\/v2\/types\/page"}],"author":[{"embeddable":true,"href":"http:\/\/bilclassicteam.lu\/index.php?rest_route=\/wp\/v2\/users\/1"}],"replies":[{"embeddable":true,"href":"http:\/\/bilclassicteam.lu\/index.php?rest_route=%2Fwp%2Fv2%2Fcomments&post=20"}],"version-history":[{"count":8,"href":"http:\/\/bilclassicteam.lu\/index.php?rest_route=\/wp\/v2\/pages\/20\/revisions"}],"predecessor-version":[{"id":17763,"href":"http:\/\/bilclassicteam.lu\/index.php?rest_route=\/wp\/v2\/pages\/20\/revisions\/17763"}],"wp:attachment":[{"href":"http:\/\/bilclassicteam.lu\/index.php?rest_route=%2Fwp%2Fv2%2Fmedia&parent=20"}],"curies":[{"name":"wp","href":"https:\/\/api.w.org\/{rel}","templated":true}]}}