{"id":15,"date":"2014-02-21T15:47:32","date_gmt":"2014-02-21T15:47:32","guid":{"rendered":"http:\/\/localhost:8888\/bilclassicteam\/?page_id=15"},"modified":"2025-01-15T16:03:46","modified_gmt":"2025-01-15T15:03:46","slug":"notre-histoire","status":"publish","type":"page","link":"http:\/\/bilclassicteam.lu\/?page_id=15","title":{"rendered":"Liens"},"content":{"rendered":"<p><a href=\"http:\/\/www.acl.lu\" target=\"_blank\" rel=\"noopener\">www.acl.lu<\/a>\u00a0(Automobile Club Letzebuerg)<\/p>\n<p><a href=\"http:\/\/www.snct.lu\/\" target=\"_blank\" rel=\"noopener\">www.snct.lu<\/a>\u00a0(Soci\u00e9t\u00e9 National de Contr\u00f4le Technique)<\/p>\n<p><a href=\"http:\/\/www.lof.lu\" target=\"_blank\" rel=\"noopener\">www.lof.lu\u00a0<\/a>(Letzebuerger Oldtimer F\u00e9d\u00e9ratioun)<\/p>\n<p><a href=\"http:\/\/www.cnvh.lu\" target=\"_blank\" rel=\"noopener\">www.cnvh.lu<\/a>\u00a0(Conservatoire National de V\u00e9hicules Historiques)<\/p>\n<p><a href=\"http:\/\/www.vvccl.com\" target=\"_blank\" rel=\"noopener\">www.vvccl.com<\/a>\u00a0(Veteran and Vintage Club of \u00a0Luxembourg)<\/p>\n","protected":false},"excerpt":{"rendered":"<p>www.acl.lu\u00a0(Automobile Club Letzebuerg) www.snct.lu\u00a0(Soci\u00e9t\u00e9 National de Contr\u00f4le Technique) www.lof.lu\u00a0(Letzebuerger Oldtimer F\u00e9d\u00e9ratioun) www.cnvh.lu\u00a0(Conservatoire National de V\u00e9hicules Historiques) www.vvccl.com\u00a0(Veteran and Vintage Club of \u00a0Luxembourg)<\/p>\n","protected":false},"author":1,"featured_media":0,"parent":0,"menu_order":1,"comment_status":"open","ping_status":"closed","template":"","meta":{"_mi_skip_tracking":false},"_links":{"self":[{"href":"http:\/\/bilclassicteam.lu\/index.php?rest_route=\/wp\/v2\/pages\/15"}],"collection":[{"href":"http:\/\/bilclassicteam.lu\/index.php?rest_route=\/wp\/v2\/pages"}],"about":[{"href":"http:\/\/bilclassicteam.lu\/index.php?rest_route=\/wp\/v2\/types\/page"}],"author":[{"embeddable":true,"href":"http:\/\/bilclassicteam.lu\/index.php?rest_route=\/wp\/v2\/users\/1"}],"replies":[{"embeddable":true,"href":"http:\/\/bilclassicteam.lu\/index.php?rest_route=%2Fwp%2Fv2%2Fcomments&post=15"}],"version-history":[{"count":20,"href":"http:\/\/bilclassicteam.lu\/index.php?rest_route=\/wp\/v2\/pages\/15\/revisions"}],"predecessor-version":[{"id":24339,"href":"http:\/\/bilclassicteam.lu\/index.php?rest_route=\/wp\/v2\/pages\/15\/revisions\/24339"}],"wp:attachment":[{"href":"http:\/\/bilclassicteam.lu\/index.php?rest_route=%2Fwp%2Fv2%2Fmedia&parent=15"}],"curies":[{"name":"wp","href":"https:\/\/api.w.org\/{rel}","templated":true}]}}